{"id":7519,"date":"2024-10-14T12:15:04","date_gmt":"2024-10-14T10:15:04","guid":{"rendered":"https:\/\/wydawnictwojama.pl\/?page_id=7519"},"modified":"2026-02-08T12:50:57","modified_gmt":"2026-02-08T11:50:57","slug":"o-autorze","status":"publish","type":"page","link":"http:\/\/wydawnictwojama.pl\/index.php\/o-autorze\/","title":{"rendered":"O autorze"},"content":{"rendered":"[vc_row type=&#8221;full_width_content&#8221; full_screen_row_position=&#8221;middle&#8221; column_margin=&#8221;default&#8221; column_direction=&#8221;default&#8221; column_direction_tablet=&#8221;default&#8221; column_direction_phone=&#8221;default&#8221; scene_position=&#8221;center&#8221; text_color=&#8221;light&#8221; text_align=&#8221;left&#8221; row_border_radius=&#8221;none&#8221; row_border_radius_applies=&#8221;bg&#8221; overlay_strength=&#8221;0.8&#8243; gradient_direction=&#8221;left_to_right&#8221; shape_divider_position=&#8221;bottom&#8221; bg_image_animation=&#8221;none&#8221; shape_type=&#8221;&#8221;][vc_column column_padding=&#8221;no-extra-padding&#8221; column_padding_tablet=&#8221;inherit&#8221; column_padding_phone=&#8221;inherit&#8221; column_padding_position=&#8221;all&#8221; background_color_opacity=&#8221;1&#8243; background_hover_color_opacity=&#8221;1&#8243; column_shadow=&#8221;none&#8221; column_border_radius=&#8221;none&#8221; column_link_target=&#8221;_self&#8221; gradient_direction=&#8221;left_to_right&#8221; overlay_strength=&#8221;0.3&#8243; width=&#8221;1\/1&#8243; tablet_width_inherit=&#8221;default&#8221; tablet_text_alignment=&#8221;default&#8221; phone_text_alignment=&#8221;default&#8221; column_border_width=&#8221;none&#8221; column_border_style=&#8221;solid&#8221; bg_image_animation=&#8221;none&#8221;][image_with_animation image_url=&#8221;7520&#8243; animation=&#8221;Fade In&#8221; hover_animation=&#8221;none&#8221; alignment=&#8221;&#8221; border_radius=&#8221;none&#8221; box_shadow=&#8221;none&#8221; image_loading=&#8221;default&#8221; max_width=&#8221;100%&#8221; max_width_mobile=&#8221;default&#8221;][\/vc_column][\/vc_row][vc_row type=&#8221;full_width_background&#8221; full_screen_row_position=&#8221;middle&#8221; column_margin=&#8221;default&#8221; equal_height=&#8221;yes&#8221; content_placement=&#8221;middle&#8221; column_direction=&#8221;default&#8221; column_direction_tablet=&#8221;default&#8221; column_direction_phone=&#8221;default&#8221; scene_position=&#8221;center&#8221; top_padding=&#8221;10%&#8221; bottom_padding=&#8221;10%&#8221; left_padding_desktop=&#8221;10%&#8221; right_padding_desktop=&#8221;10%&#8221; text_color=&#8221;dark&#8221; text_align=&#8221;left&#8221; row_border_radius=&#8221;none&#8221; row_border_radius_applies=&#8221;bg&#8221; class=&#8221;vc_hidden-lg vc_hidden-md&#8221; overlay_strength=&#8221;0.8&#8243; gradient_direction=&#8221;left_to_right&#8221; shape_divider_position=&#8221;bottom&#8221; bg_image_animation=&#8221;none&#8221; shape_type=&#8221;&#8221;][vc_column column_padding=&#8221;no-extra-padding&#8221; column_padding_tablet=&#8221;inherit&#8221; column_padding_phone=&#8221;inherit&#8221; column_padding_position=&#8221;all&#8221; background_color_opacity=&#8221;1&#8243; background_hover_color_opacity=&#8221;1&#8243; column_shadow=&#8221;none&#8221; column_border_radius=&#8221;none&#8221; column_link_target=&#8221;_self&#8221; gradient_direction=&#8221;left_to_right&#8221; overlay_strength=&#8221;0.3&#8243; width=&#8221;1\/1&#8243; tablet_width_inherit=&#8221;default&#8221; tablet_text_alignment=&#8221;default&#8221; phone_text_alignment=&#8221;default&#8221; column_border_width=&#8221;none&#8221; column_border_style=&#8221;solid&#8221; bg_image_animation=&#8221;none&#8221;][vc_column_text]\n<h1 class=\"western\">Mariusz Wollny<\/h1>\n<p>(wersja dla zabieganych)<\/p>\n<p>By\u0142y brunet, by\u0142y \u015al\u0105zak, niepraktykuj\u0105cy (za kar\u0119 przez wiele lat cudze dzieci uczy\u0142 historii) etnograf po UJ. Zdeklarowany krakus z ponad 30-letnim sta\u017cem. Kocha kobiety swego \u017cycia: \u017con\u0119, kt\u00f3ra go utrzymuje i c\u00f3rki (dwie plastyczki i poliglotk\u0119), bez kt\u00f3rych pomocy nic by nie zdzia\u0142a\u0142 (prowadz\u0105 mu rachunkowo\u015b\u0107, ilustruj\u0105 teksty, t\u0142umacz\u0105 obce s\u0142\u00f3wka, czasem dopisuj\u0105 ca\u0142e rozdzia\u0142y) oraz g\u00f3ry i ksi\u0105\u017cki (czyta\u0107, nie pisa\u0107). Amerykanista z bo\u017cej \u0142aski (kultura i historia Indian), w swoim czasie pisywa\u0142 ma\u0142o powa\u017cne artykuliki do bardzo powa\u017cnego kwartalnika przyjaci\u00f3\u0142 Indian \u201eTawacin\u201d (ju\u017c nieistniej\u0105cego). Autor ksi\u0105\u017cek popularno-naukowych dla dzieci i doros\u0142ych, powie\u015bci i zwariowanych historii. Opublikowa\u0142 m.in. cykl popularnonaukow\u0105 <em>By\u0142 sobie kr\u00f3l\u2026<\/em>, <em>Bardzo bzdurne bajdurki<\/em>, <em>Krew Ink\u00f3w<\/em>, <em>Tropem smoka<\/em>, <em>Jak Lolek zosta\u0142 papie\u017cem<\/em>, historyczne serie <em>Kacper Ryx<\/em>,\u00a0<em>Kroniki Dymitriad <\/em>oraz <em>Sprawy komisarza Mohra. <\/em><\/p>\n<p>(wersja rozbudowana, dla wytrwa\u0142ych)<\/p>\n<p>\u015al\u0105zak z pochodzenia, krakus z wyboru. Urodzony 25 lipca (zodiakalny Lew) 1958 r. we Wroc\u0142awiu, sukcesywnie przenosi\u0142 si\u0119 na wsch\u00f3d. M\u0142odo\u015b\u0107 sp\u0119dzi\u0142 w Gliwicach, g\u0142\u00f3wnie uganiaj\u0105c si\u0119 z \u0142ukiem po wertepach, bowiem zakocha\u0142 si\u0119 w Indianach i tej mi\u0142o\u015bci jest wierny do dzi\u015b. W wolnych chwilach po\u017cera\u0142 ksi\u0105\u017cki (g\u0142\u00f3wnie podr\u00f3\u017cnicze i awanturnicze) i to te\u017c mu zosta\u0142o. Pod wp\u0142ywem Trzech muszkieter\u00f3w przez rok trenowa\u0142 szpad\u0119 w \u201ePia\u015bcie\u201d Gliwice. Mimo to jako\u015b poko\u0144czy\u0142 szko\u0142y, najbardziej lubi\u0105c geografi\u0119 i histori\u0119, kt\u00f3re to pasje spr\u00f3bowa\u0142 po\u0142\u0105czy\u0107 w jednej etnografii.<\/p>\n<p>Po maturze rozpocz\u0105\u0142 studia w Krakowie i ju\u017c tu utkn\u0105\u0142, ko\u0144cz\u0105c sw\u00f3j prywatny Drang nach Osten. W 1983 r. uko\u0144czy\u0142 studia etnograficzne na UJ, dwa lata potem, pod kierunkiem s\u0142awnego znawcy sztuki ludowej, prof. Romana Reinfussa, obroni\u0142 prac\u0119 magistersk\u0105. W tzw. mi\u0119dzyczasie zd\u0105\u017cy\u0142 za\u0142o\u017cy\u0107 rodzin\u0119 i przew\u0119drowa\u0107 z przyjaci\u00f3\u0142mi niemal ca\u0142e Beskidy w te i z powrotem, bowiem w\u0142\u00f3cz\u0119gi z plecakiem (dawniej tak\u017ce namiotem) po g\u00f3rach lubi nade wszystko.<\/p>\n<p>Po studiach podj\u0105\u0142 prac\u0119 w szkole podstawowej w Mogilanach pod Krakowem jako nauczyciel historii i para\u0142 si\u0119 tym do niedawna. Z tego powodu by\u0142 zmuszony uko\u0144czy\u0107 podyplomowy kurs historii na UJ, dzi\u0119ki czemu jednak \u201ema papiery\u201d na udawanie historyka. Ale przede wszystkim ma a\u017c cztery wspania\u0142e kobiety swego \u017cycia: \u017con\u0119 R\u00f3\u017c\u0119 i trzy c\u00f3rki, z kt\u00f3rych dwie plastyczki (Zorka i Zuza) ilustruj\u0105 mu ksi\u0105\u017cki, a trzecia (poliglotka Janka) jest wsp\u00f3\u0142autork\u0105 jednej z nich. Pisa\u0107 (bajki dla pierworodnej Zosi, by\u0142o to bowiem w czasach pustych p\u00f3\u0142ek, tak\u017ce ksi\u0119garskich) zacz\u0105\u0142 wcze\u015bnie, ale publikowa\u0107 do\u015b\u0107 p\u00f3\u017ano.<\/p>\n<p>Uprawia rozmaite gatunki literackie, od (do\u015b\u0107 specyficznych \u2013 \u201edla rodzic\u00f3w i dzieci pod kontrol\u0105\u201d) bajek, przez popularno-naukowe ksi\u0105\u017cki historyczne dla czytelnik\u00f3w w ka\u017cdym wieku, a\u017c po powie\u015bci z pogranicza \u201ep\u0142aszcza i szpady\u201d, sensacji i<br \/>\nkrymina\u0142u.<\/p>\n<p>Wierny starej mi\u0142o\u015bci, kt\u00f3ra nie zardzewia\u0142a (dowodem jest\u00a0Krew Ink\u00f3w), przez kilka lat regularnie pisywa\u0142 ma\u0142o powa\u017cne artykuliki do bardzo powa\u017cnego (niestety, ju\u017c nieistniej\u0105cego) kwartalnika naukowego po\u015bwi\u0119conego Indianom \u2013 \u201eTawacinu\u201d.[\/vc_column_text][\/vc_column][\/vc_row][vc_row type=&#8221;full_width_background&#8221; full_screen_row_position=&#8221;middle&#8221; column_margin=&#8221;default&#8221; equal_height=&#8221;yes&#8221; content_placement=&#8221;middle&#8221; column_direction=&#8221;default&#8221; column_direction_tablet=&#8221;default&#8221; column_direction_phone=&#8221;default&#8221; scene_position=&#8221;center&#8221; top_padding=&#8221;10%&#8221; bottom_padding=&#8221;10%&#8221; left_padding_desktop=&#8221;25%&#8221; right_padding_desktop=&#8221;25%&#8221; text_color=&#8221;dark&#8221; text_align=&#8221;left&#8221; row_border_radius=&#8221;none&#8221; row_border_radius_applies=&#8221;bg&#8221; class=&#8221;vc_hidden-sm vc_hidden-xs&#8221; overlay_strength=&#8221;0.8&#8243; gradient_direction=&#8221;left_to_right&#8221; shape_divider_position=&#8221;bottom&#8221; bg_image_animation=&#8221;none&#8221; shape_type=&#8221;&#8221;][vc_column column_padding=&#8221;no-extra-padding&#8221; column_padding_tablet=&#8221;inherit&#8221; column_padding_phone=&#8221;inherit&#8221; column_padding_position=&#8221;all&#8221; background_color_opacity=&#8221;1&#8243; background_hover_color_opacity=&#8221;1&#8243; column_shadow=&#8221;none&#8221; column_border_radius=&#8221;none&#8221; column_link_target=&#8221;_self&#8221; gradient_direction=&#8221;left_to_right&#8221; overlay_strength=&#8221;0.3&#8243; width=&#8221;1\/1&#8243; tablet_width_inherit=&#8221;default&#8221; tablet_text_alignment=&#8221;default&#8221; phone_text_alignment=&#8221;default&#8221; column_border_width=&#8221;none&#8221; column_border_style=&#8221;solid&#8221; bg_image_animation=&#8221;none&#8221;][vc_column_text]\n<h1 class=\"western\">Mariusz Wollny<\/h1>\n<p>(wersja dla zabieganych)<\/p>\n<p>By\u0142y brunet, by\u0142y \u015al\u0105zak, niepraktykuj\u0105cy (za kar\u0119 przez wiele lat cudze dzieci uczy\u0142 historii) etnograf po UJ. Zdeklarowany krakus z ponad 30-letnim sta\u017cem. Kocha kobiety swego \u017cycia: \u017con\u0119, kt\u00f3ra go utrzymuje i c\u00f3rki (dwie plastyczki i poliglotk\u0119), bez kt\u00f3rych pomocy nic by nie zdzia\u0142a\u0142 (prowadz\u0105 mu rachunkowo\u015b\u0107, ilustruj\u0105 teksty, t\u0142umacz\u0105 obce s\u0142\u00f3wka, czasem dopisuj\u0105 ca\u0142e rozdzia\u0142y) oraz g\u00f3ry i ksi\u0105\u017cki (czyta\u0107, nie pisa\u0107). Amerykanista z bo\u017cej \u0142aski (kultura i historia Indian), w swoim czasie pisywa\u0142 ma\u0142o powa\u017cne artykuliki do bardzo powa\u017cnego kwartalnika przyjaci\u00f3\u0142 Indian \u201eTawacin\u201d (ju\u017c nieistniej\u0105cego). Autor ksi\u0105\u017cek popularno-naukowych dla dzieci i doros\u0142ych, powie\u015bci i zwariowanych historii. Opublikowa\u0142 m.in. cykl popularnonaukow\u0105 <em>By\u0142 sobie kr\u00f3l\u2026<\/em>, <em>Bardzo bzdurne bajdurki<\/em>, <em>Krew Ink\u00f3w<\/em>, <em>Tropem smoka<\/em>, <em>Jak Lolek zosta\u0142 papie\u017cem<\/em>, historyczne serie <em>Kacper Ryx<\/em>,\u00a0<em>Kroniki Dymitriad <\/em>oraz <em>Sprawy komisarza Mohra. <\/em><\/p>\n<p>(wersja rozbudowana, dla wytrwa\u0142ych)<\/p>\n<p>\u015al\u0105zak z pochodzenia, krakus z wyboru. Urodzony 25 lipca (zodiakalny Lew) 1958 r. we Wroc\u0142awiu, sukcesywnie przenosi\u0142 si\u0119 na wsch\u00f3d. M\u0142odo\u015b\u0107 sp\u0119dzi\u0142 w Gliwicach, g\u0142\u00f3wnie uganiaj\u0105c si\u0119 z \u0142ukiem po wertepach, bowiem zakocha\u0142 si\u0119 w Indianach i tej mi\u0142o\u015bci jest wierny do dzi\u015b. W wolnych chwilach po\u017cera\u0142 ksi\u0105\u017cki (g\u0142\u00f3wnie podr\u00f3\u017cnicze i awanturnicze) i to te\u017c mu zosta\u0142o. Pod wp\u0142ywem Trzech muszkieter\u00f3w przez rok trenowa\u0142 szpad\u0119 w \u201ePia\u015bcie\u201d Gliwice. Mimo to jako\u015b poko\u0144czy\u0142 szko\u0142y, najbardziej lubi\u0105c geografi\u0119 i histori\u0119, kt\u00f3re to pasje spr\u00f3bowa\u0142 po\u0142\u0105czy\u0107 w jednej etnografii.<\/p>\n<p>Po maturze rozpocz\u0105\u0142 studia w Krakowie i ju\u017c tu utkn\u0105\u0142, ko\u0144cz\u0105c sw\u00f3j prywatny Drang nach Osten. W 1983 r. uko\u0144czy\u0142 studia etnograficzne na UJ, dwa lata potem, pod kierunkiem s\u0142awnego znawcy sztuki ludowej, prof. Romana Reinfussa, obroni\u0142 prac\u0119 magistersk\u0105. W tzw. mi\u0119dzyczasie zd\u0105\u017cy\u0142 za\u0142o\u017cy\u0107 rodzin\u0119 i przew\u0119drowa\u0107 z przyjaci\u00f3\u0142mi niemal ca\u0142e Beskidy w te i z powrotem, bowiem w\u0142\u00f3cz\u0119gi z plecakiem (dawniej tak\u017ce namiotem) po g\u00f3rach lubi nade wszystko.<\/p>\n<p>Po studiach podj\u0105\u0142 prac\u0119 w szkole podstawowej w Mogilanach pod Krakowem jako nauczyciel historii i para\u0142 si\u0119 tym do niedawna. Z tego powodu by\u0142 zmuszony uko\u0144czy\u0107 podyplomowy kurs historii na UJ, dzi\u0119ki czemu jednak \u201ema papiery\u201d na udawanie historyka. Ale przede wszystkim ma a\u017c cztery wspania\u0142e kobiety swego \u017cycia: \u017con\u0119 R\u00f3\u017c\u0119 i trzy c\u00f3rki, z kt\u00f3rych dwie plastyczki (Zorka i Zuza) ilustruj\u0105 mu ksi\u0105\u017cki, a trzecia (poliglotka Janka) jest wsp\u00f3\u0142autork\u0105 jednej z nich. Pisa\u0107 (bajki dla pierworodnej Zosi, by\u0142o to bowiem w czasach pustych p\u00f3\u0142ek, tak\u017ce ksi\u0119garskich) zacz\u0105\u0142 wcze\u015bnie, ale publikowa\u0107 do\u015b\u0107 p\u00f3\u017ano.<\/p>\n<p>Uprawia rozmaite gatunki literackie, od (do\u015b\u0107 specyficznych \u2013 \u201edla rodzic\u00f3w i dzieci pod kontrol\u0105\u201d) bajek, przez popularno-naukowe ksi\u0105\u017cki historyczne dla czytelnik\u00f3w w ka\u017cdym wieku, a\u017c po powie\u015bci z pogranicza \u201ep\u0142aszcza i szpady\u201d, sensacji i<br \/>\nkrymina\u0142u.<\/p>\n<p>Wierny starej mi\u0142o\u015bci, kt\u00f3ra nie zardzewia\u0142a (dowodem jest\u00a0Krew Ink\u00f3w), przez kilka lat regularnie pisywa\u0142 ma\u0142o powa\u017cne artykuliki do bardzo powa\u017cnego (niestety, ju\u017c nieistniej\u0105cego) kwartalnika naukowego po\u015bwi\u0119conego Indianom \u2013 \u201eTawacinu\u201d.[\/vc_column_text][\/vc_column][\/vc_row]\n","protected":false},"excerpt":{"rendered":"<p>[vc_row type=&#8221;full_width_content&#8221; full_screen_row_position=&#8221;middle&#8221; column_margin=&#8221;default&#8221; column_direction=&#8221;default&#8221; column_direction_tablet=&#8221;default&#8221; column_direction_phone=&#8221;default&#8221; scene_position=&#8221;center&#8221; text_color=&#8221;light&#8221; text_align=&#8221;left&#8221; row_border_radius=&#8221;none&#8221; row_border_radius_applies=&#8221;bg&#8221; overlay_strength=&#8221;0.8&#8243; gradient_direction=&#8221;left_to_right&#8221; shape_divider_position=&#8221;bottom&#8221; bg_image_animation=&#8221;none&#8221; shape_type=&#8221;&#8221;][vc_column column_padding=&#8221;no-extra-padding&#8221; column_padding_tablet=&#8221;inherit&#8221; column_padding_phone=&#8221;inherit&#8221; column_padding_position=&#8221;all&#8221; background_color_opacity=&#8221;1&#8243; background_hover_color_opacity=&#8221;1&#8243; column_shadow=&#8221;none&#8221; column_border_radius=&#8221;none&#8221; column_link_target=&#8221;_self&#8221; gradient_direction=&#8221;left_to_right&#8221; overlay_strength=&#8221;0.3&#8243; width=&#8221;1\/1&#8243; tablet_width_inherit=&#8221;default&#8221; tablet_text_alignment=&#8221;default&#8221; phone_text_alignment=&#8221;default&#8221; column_border_width=&#8221;none&#8221; column_border_style=&#8221;solid&#8221; bg_image_animation=&#8221;none&#8221;][image_with_animation image_url=&#8221;7520&#8243; animation=&#8221;Fade In&#8221; hover_animation=&#8221;none&#8221; alignment=&#8221;&#8221;&#8230;<\/p>\n","protected":false},"author":2,"featured_media":0,"parent":0,"menu_order":0,"comment_status":"closed","ping_status":"closed","template":"","meta":{"_monsterinsights_skip_tracking":false,"_monsterinsights_sitenote_active":false,"_monsterinsights_sitenote_note":"","_monsterinsights_sitenote_category":0,"footnotes":""},"_links":{"self":[{"href":"http:\/\/wydawnictwojama.pl\/index.php\/wp-json\/wp\/v2\/pages\/7519"}],"collection":[{"href":"http:\/\/wydawnictwojama.pl\/index.php\/wp-json\/wp\/v2\/pages"}],"about":[{"href":"http:\/\/wydawnictwojama.pl\/index.php\/wp-json\/wp\/v2\/types\/page"}],"author":[{"embeddable":true,"href":"http:\/\/wydawnictwojama.pl\/index.php\/wp-json\/wp\/v2\/users\/2"}],"replies":[{"embeddable":true,"href":"http:\/\/wydawnictwojama.pl\/index.php\/wp-json\/wp\/v2\/comments?post=7519"}],"version-history":[{"count":3,"href":"http:\/\/wydawnictwojama.pl\/index.php\/wp-json\/wp\/v2\/pages\/7519\/revisions"}],"predecessor-version":[{"id":7602,"href":"http:\/\/wydawnictwojama.pl\/index.php\/wp-json\/wp\/v2\/pages\/7519\/revisions\/7602"}],"wp:attachment":[{"href":"http:\/\/wydawnictwojama.pl\/index.php\/wp-json\/wp\/v2\/media?parent=7519"}],"curies":[{"name":"wp","href":"https:\/\/api.w.org\/{rel}","templated":true}]}}