{"id":7522,"date":"2024-10-14T14:58:01","date_gmt":"2024-10-14T12:58:01","guid":{"rendered":"https:\/\/wydawnictwojama.pl\/?page_id=7522"},"modified":"2026-02-08T12:57:04","modified_gmt":"2026-02-08T11:57:04","slug":"ksiazki","status":"publish","type":"page","link":"http:\/\/wydawnictwojama.pl\/index.php\/ksiazki\/","title":{"rendered":"Ksi\u0105\u017cki"},"content":{"rendered":"[vc_row type=&#8221;full_width_content&#8221; full_screen_row_position=&#8221;middle&#8221; column_margin=&#8221;default&#8221; column_direction=&#8221;default&#8221; column_direction_tablet=&#8221;default&#8221; column_direction_phone=&#8221;default&#8221; scene_position=&#8221;center&#8221; text_color=&#8221;light&#8221; text_align=&#8221;left&#8221; row_border_radius=&#8221;none&#8221; row_border_radius_applies=&#8221;bg&#8221; overlay_strength=&#8221;0.8&#8243; gradient_direction=&#8221;left_to_right&#8221; shape_divider_position=&#8221;bottom&#8221; bg_image_animation=&#8221;none&#8221; shape_type=&#8221;&#8221;][vc_column column_padding=&#8221;no-extra-padding&#8221; column_padding_tablet=&#8221;inherit&#8221; column_padding_phone=&#8221;inherit&#8221; column_padding_position=&#8221;all&#8221; background_color_opacity=&#8221;1&#8243; background_hover_color_opacity=&#8221;1&#8243; column_shadow=&#8221;none&#8221; column_border_radius=&#8221;none&#8221; column_link_target=&#8221;_self&#8221; gradient_direction=&#8221;left_to_right&#8221; overlay_strength=&#8221;0.3&#8243; width=&#8221;1\/1&#8243; tablet_width_inherit=&#8221;default&#8221; tablet_text_alignment=&#8221;default&#8221; phone_text_alignment=&#8221;default&#8221; column_border_width=&#8221;none&#8221; column_border_style=&#8221;solid&#8221; bg_image_animation=&#8221;none&#8221;][image_with_animation image_url=&#8221;7523&#8243; animation=&#8221;Fade In&#8221; hover_animation=&#8221;none&#8221; alignment=&#8221;&#8221; border_radius=&#8221;none&#8221; box_shadow=&#8221;none&#8221; image_loading=&#8221;default&#8221; max_width=&#8221;100%&#8221; max_width_mobile=&#8221;default&#8221;][\/vc_column][\/vc_row][vc_row type=&#8221;full_width_background&#8221; full_screen_row_position=&#8221;middle&#8221; column_margin=&#8221;default&#8221; equal_height=&#8221;yes&#8221; content_placement=&#8221;middle&#8221; column_direction=&#8221;default&#8221; column_direction_tablet=&#8221;default&#8221; column_direction_phone=&#8221;default&#8221; scene_position=&#8221;center&#8221; top_padding=&#8221;10%&#8221; bottom_padding=&#8221;10%&#8221; left_padding_desktop=&#8221;25%&#8221; right_padding_desktop=&#8221;25%&#8221; text_color=&#8221;dark&#8221; text_align=&#8221;left&#8221; row_border_radius=&#8221;none&#8221; row_border_radius_applies=&#8221;bg&#8221; class=&#8221;vc_hidden-sm vc_hidden-xs&#8221; overlay_strength=&#8221;0.8&#8243; gradient_direction=&#8221;left_to_right&#8221; shape_divider_position=&#8221;bottom&#8221; bg_image_animation=&#8221;none&#8221; shape_type=&#8221;&#8221;][vc_column column_padding=&#8221;no-extra-padding&#8221; column_padding_tablet=&#8221;inherit&#8221; column_padding_phone=&#8221;inherit&#8221; column_padding_position=&#8221;all&#8221; background_color_opacity=&#8221;1&#8243; background_hover_color_opacity=&#8221;1&#8243; column_shadow=&#8221;none&#8221; column_border_radius=&#8221;none&#8221; column_link_target=&#8221;_self&#8221; gradient_direction=&#8221;left_to_right&#8221; overlay_strength=&#8221;0.3&#8243; width=&#8221;1\/1&#8243; tablet_width_inherit=&#8221;default&#8221; tablet_text_alignment=&#8221;default&#8221; phone_text_alignment=&#8221;default&#8221; column_border_width=&#8221;none&#8221; column_border_style=&#8221;solid&#8221; bg_image_animation=&#8221;none&#8221;][vc_column_text]\n<h1 class=\"western\">Publikacje M. Wollnego<\/h1>\n<p>(Opisy wi\u0119kszo\u015bci ksi\u0105\u017cek znajdziecie w zak\u0142adce oferta)<\/p>\n<p><em>Historia jak bajka, czyli poczet Piast\u00f3w dla dzieci<\/em>,\u00a0Wydawnictwo Bellona, Warszawa 1997<\/p>\n<p><em>Co za historia<\/em>,\u00a0Wydawnictwo Aksjomat, Krak\u00f3w 1998<\/p>\n<p><em>Kazimierz Wielki, wizjoner i reformator,<\/em>\u00a0Wydawnictwo Helicon, Krak\u00f3w 2000<\/p>\n<p><em>By\u0142\u00a0sobie\u00a0kr\u00f3l\u2026 I, czyli poczet Piast\u00f3w dla dzieci<\/em>,\u00a0Wydawnictwo Bellona, Warszawa 2003<\/p>\n<p><em>By\u0142 sobie kr\u00f3l\u2026 II, czyli poczet Jagiellon\u00f3w dla dzieci<\/em>,\u00a0Wydawnictwo Bellona, Warszawa 2004<\/p>\n<p><em>Bardzo bzdurne bajdurki<\/em>,\u00a0Wydawnictwo Skrzat, Krak\u00f3w 2005<\/p>\n<p><em>Krew Ink\u00f3w, rzecz o awanturnikach ko\u0144ca XVIII\u00a0w<\/em>.,\u00a0Wydawnictwo Muza, Warszawa 2006<\/p>\n<p><em>Tropem smoka, bajeczny przewodnik po magicznym Krakowie dla dzieci i m\u0142odzie\u017cy<\/em>,\u00a0Wydawnictwo Fundacji dla Uniwersytetu Jagiello\u0144skiego, Krak\u00f3w 2006; II wydanie \u2013 Krak\u00f3w 2007<\/p>\n<p><em>Kacper Ryx<\/em>,\u00a0Wydawnictwo Otwarte, Krak\u00f3w 2007<\/p>\n<p><em>Kacper Ryx i kr\u00f3l przekl\u0119ty<\/em>,\u00a0Wydawnictwo Otwarte, Krak\u00f3w 2008<\/p>\n<p><em>Oblicze Pana<\/em>,\u00a0Wydawnictwo Otwarte, Krak\u00f3w 2009<\/p>\n<p><em>Jak Lolek zosta\u0142 papie\u017cem<\/em>,\u00a0Wydawnictwo Skrzat, Krak\u00f3w 2009<\/p>\n<p><em>Kacper Ryx i tyran nienawistny<\/em>,\u00a0Wydawnictwo Otwarte, Krak\u00f3w 2010<\/p>\n<p><em>Kacper Ryx i kr\u00f3l alchemik\u00f3w<\/em>,\u00a0Wydawnictwo Otwarte, Krak\u00f3w 2012<\/p>\n<p><em>Tropem smoka<\/em>, przewodnik po magicznym Krakowie,\u00a0Wydawnictwo Alter 2012<\/p>\n<p><em>Tracing the Dragon, a fabulous guide to Cracow<\/em>,\u00a0Wydawnictwo Alter 2012<\/p>\n<p><em>Persiguiendo al Drag\u00f3n, gu\u00eda fant\u00e1stica de Cracovia<\/em>,\u00a0Wydawnictwo Alter 2012<\/p>\n<p><em>Krew Ink\u00f3w\u00a0<\/em>(drugie wydanie),\u00a0Wydawnictwo Alter, Krak\u00f3w 2012<\/p>\n<p><em>Krwawa jutrznia<\/em>,\u00a0Wydawnictwo Otwarte, Krak\u00f3w 2013<\/p>\n<p><em>Z Kacprem Ryksem po renesansowym Krakowie \u2013 przewodnik<\/em>, Wydawnictwo Alter, Krak\u00f3w 2014<\/p>\n<p><em>Krwawa Jutrznia. Strace\u0144cy<\/em>,\u00a0Wydawnictwo Otwarte, Krak\u00f3w 2014<\/p>\n<p><em>Oblicze Pana<\/em>, Wydanie drugie poprawione,\u00a0JaMa, Krak\u00f3w 2014<\/p>\n<p><em>Krwawa jutrznia<\/em>. M\u015bciciel,\u00a0JaMa, Krak\u00f3w 2014<\/p>\n<p><em>Kacper Ryx i Kr\u00f3l \u017bebrak\u00f3w<\/em>,\u00a0JaMa, Krak\u00f3w 2015<\/p>\n<p><em>Kacper Ryx i szatan w klasztorze<\/em>,\u00a0JaMa, Krak\u00f3w 2016<\/p>\n<p><em>Kacper Ryx. Tajemnica wzg\u00f3rza wawelskiego<\/em>,\u00a0JaMa, Krak\u00f3w 2016<\/p>\n<p><em>Kr\u00f3lob\u00f3jcy<\/em>,\u00a0JaMa, Krak\u00f3w 2016<\/p>\n<p><em>By\u0142 sobie kr\u00f3l\u2026 Poczet Piast\u00f3w<\/em>,\u00a0Mariusz Wollny, Zuza Wollny,\u00a0(wydanie III, uzupe\u0142nione i na nowo zilustrowane), JaMa, Krak\u00f3w 2016<\/p>\n<p><em>Zap\u0119tleni<\/em>, JaMa, Krak\u00f3w 2017<\/p>\n<p><em>Tropem smoka<\/em>, JaMa, Krak\u00f3w 2017, wydanie\u00a0IV<\/p>\n<p><em>By\u0142 sobie kr\u00f3l\u2026 Poczet Jagiellon\u00f3w<\/em>,\u00a0JaMa, Krak\u00f3w 2017<\/p>\n<p><em>By\u0142 sobie kr\u00f3l\u2026 Poczet kr\u00f3l\u00f3w wybieranych<\/em>, cz\u0119\u015b\u0107 1,\u00a0JaMa, Krak\u00f3w 2018<\/p>\n<p><em>By\u0142 sobie kr\u00f3l\u2026 Poczet kr\u00f3l\u00f3w wybieranych<\/em>, cz\u0119\u015b\u0107 2,\u00a0JaMa, Krak\u00f3w\u00a02019<\/p>\n<p><em>Kroniki dymitriad<\/em>, II wydanie,\u00a0JaMa, Krak\u00f3w\u00a02020<\/p>\n<p><em>Bia\u0142y towar<\/em>,\u00a0JaMa, Krak\u00f3w\u00a02020<\/p>\n<p><em>Fala<\/em>, JaMa, Krak\u00f3w 2021<\/p>\n<p><em>Z Kacprem Ryksem po renesansowym Krakowie \u2013 przewodnik<\/em>, Wydawnictwo JaMa, Krak\u00f3w 2021, wydanie II<\/p>\n<p><em>Niewidzialny wr\u00f3g<\/em>,\u00a0JaMa\u00a02023<\/p>\n<p><em>Trzy \u0142yki fantastyki, opowiadania niepowa\u017cne,\u00a0<\/em>JaMa 2024<\/p>\n<h2 class=\"western\">Ksi\u0105\u017cki niewydane<\/h2>\n<p>Bardzo bzdurne bajdurki czeka\u0142y na wydanie 25 lat, Krew Ink\u00f3w \u2013 15 lat. Wci\u0105\u017c nie doczeka\u0142y si\u0119 publikacji inne napisane ju\u017c dawno temu (niekt\u00f3re jeszcze na maszynie do pisania) ksi\u0105\u017cki, spoczywaj\u0105ce w szufladach, kt\u00f3re albo nigdy szuflad nie opu\u015bci\u0142y, albo nie zyska\u0142y niczyjego uznania. Oto one:<\/p>\n<p><em>W\u0142adys\u0142aw Warne\u0144czyk<\/em>, <em>ostatni b\u0142\u0119dny rycerz<\/em> -naukowa (z przypisami), acz przyst\u0119pnie napisana (pod kierunkiem prof. Krzysztofa Baczkowskiego) biografia pechowego kr\u00f3la, powsta\u0142a w 2000 r. jako praca na zaliczenie studi\u00f3w podyplomowych z zakresu historii.<\/p>\n<p><em>Wodzowie<\/em>\u00a0\u2013 wyraz dawnych fascynacji autora kultur\u0105 i histori\u0105 Indian, cztery biografie (z pogranicza naukowego i popularnego) wielkich przyw\u00f3dc\u00f3w india\u0144skich: Powhatana (ojca Pocahontas), Metacoma, Pontiaca i Tecumseha.<\/p>\n<p><em>Ostatni Inka<\/em> \u2013 druga cz\u0119\u015b\u0107 (chronologicznie jednak pierwsza, wi\u0119c jakby prequel) Krwi Ink\u00f3w, dziej\u0105ca si\u0119 w Peru podczas powstania Tupaca Amaru II, tytu\u0142owego ostatniego Inki; ko\u0144czy si\u0119 w momencie, gdy nieliczni, kt\u00f3rym uda\u0142o si\u0119 prze\u017cy\u0107 pogrom, wsiedli na okr\u0119t p\u0142yn\u0105cy do Europy (do Wenecji, a stamt\u0105d do Niedzicy nad Dunajcem). Ksi\u0105\u017cka napisana jeszcze na maszynie do pisania i tak s\u0142aba, \u017ce raczej nigdy nie opu\u015bci szuflady.<\/p>\n<p><em>Bia\u0142y Apacz<\/em> \u2013 powie\u015b\u0107 o bia\u0142ym, kt\u00f3ry zakocha\u0142 si\u0119 w Indiance, to za\u015b zmusi\u0142o go do \u017cycia w dw\u00f3ch \u015bwiatach, co okaza\u0142o si\u0119 nie\u0142atwe. Najlepsza ze wszystkich ksi\u0105\u017cka autora, poniewa\u017c nie zosta\u0142a jeszcze napisana i nigdy nie zostanie.[\/vc_column_text][\/vc_column][\/vc_row][vc_row type=&#8221;full_width_background&#8221; full_screen_row_position=&#8221;middle&#8221; column_margin=&#8221;default&#8221; equal_height=&#8221;yes&#8221; content_placement=&#8221;middle&#8221; column_direction=&#8221;default&#8221; column_direction_tablet=&#8221;default&#8221; column_direction_phone=&#8221;default&#8221; scene_position=&#8221;center&#8221; top_padding=&#8221;10%&#8221; bottom_padding=&#8221;10%&#8221; left_padding_desktop=&#8221;10%&#8221; right_padding_desktop=&#8221;10%&#8221; text_color=&#8221;dark&#8221; text_align=&#8221;left&#8221; row_border_radius=&#8221;none&#8221; row_border_radius_applies=&#8221;bg&#8221; class=&#8221;vc_hidden-lg vc_hidden-md&#8221; overlay_strength=&#8221;0.8&#8243; gradient_direction=&#8221;left_to_right&#8221; shape_divider_position=&#8221;bottom&#8221; bg_image_animation=&#8221;none&#8221; shape_type=&#8221;&#8221;][vc_column column_padding=&#8221;no-extra-padding&#8221; column_padding_tablet=&#8221;inherit&#8221; column_padding_phone=&#8221;inherit&#8221; column_padding_position=&#8221;all&#8221; background_color_opacity=&#8221;1&#8243; background_hover_color_opacity=&#8221;1&#8243; column_shadow=&#8221;none&#8221; column_border_radius=&#8221;none&#8221; column_link_target=&#8221;_self&#8221; gradient_direction=&#8221;left_to_right&#8221; overlay_strength=&#8221;0.3&#8243; width=&#8221;1\/1&#8243; tablet_width_inherit=&#8221;default&#8221; tablet_text_alignment=&#8221;default&#8221; phone_text_alignment=&#8221;default&#8221; column_border_width=&#8221;none&#8221; column_border_style=&#8221;solid&#8221; bg_image_animation=&#8221;none&#8221;][vc_column_text]\n<h1 class=\"western\">Publikacje M. Wollnego<\/h1>\n<p>(Opisy wi\u0119kszo\u015bci ksi\u0105\u017cek znajdziecie w zak\u0142adce oferta)<\/p>\n<p><em>Historia jak bajka, czyli poczet Piast\u00f3w dla dzieci<\/em>,\u00a0Wydawnictwo Bellona, Warszawa 1997<\/p>\n<p><em>Co za historia<\/em>,\u00a0Wydawnictwo Aksjomat, Krak\u00f3w 1998<\/p>\n<p><em>Kazimierz Wielki, wizjoner i reformator,<\/em>\u00a0Wydawnictwo Helicon, Krak\u00f3w 2000<\/p>\n<p><em>By\u0142\u00a0sobie\u00a0kr\u00f3l\u2026 I, czyli poczet Piast\u00f3w dla dzieci<\/em>,\u00a0Wydawnictwo Bellona, Warszawa 2003<\/p>\n<p><em>By\u0142 sobie kr\u00f3l\u2026 II, czyli poczet Jagiellon\u00f3w dla dzieci<\/em>,\u00a0Wydawnictwo Bellona, Warszawa 2004<\/p>\n<p><em>Bardzo bzdurne bajdurki<\/em>,\u00a0Wydawnictwo Skrzat, Krak\u00f3w 2005<\/p>\n<p><em>Krew Ink\u00f3w, rzecz o awanturnikach ko\u0144ca XVIII\u00a0w<\/em>.,\u00a0Wydawnictwo Muza, Warszawa 2006<\/p>\n<p><em>Tropem smoka, bajeczny przewodnik po magicznym Krakowie dla dzieci i m\u0142odzie\u017cy<\/em>,\u00a0Wydawnictwo Fundacji dla Uniwersytetu Jagiello\u0144skiego, Krak\u00f3w 2006; II wydanie \u2013 Krak\u00f3w 2007<\/p>\n<p><em>Kacper Ryx<\/em>,\u00a0Wydawnictwo Otwarte, Krak\u00f3w 2007<\/p>\n<p><em>Kacper Ryx i kr\u00f3l przekl\u0119ty<\/em>,\u00a0Wydawnictwo Otwarte, Krak\u00f3w 2008<\/p>\n<p><em>Oblicze Pana<\/em>,\u00a0Wydawnictwo Otwarte, Krak\u00f3w 2009<\/p>\n<p><em>Jak Lolek zosta\u0142 papie\u017cem<\/em>,\u00a0Wydawnictwo Skrzat, Krak\u00f3w 2009<\/p>\n<p><em>Kacper Ryx i tyran nienawistny<\/em>,\u00a0Wydawnictwo Otwarte, Krak\u00f3w 2010<\/p>\n<p><em>Kacper Ryx i kr\u00f3l alchemik\u00f3w<\/em>,\u00a0Wydawnictwo Otwarte, Krak\u00f3w 2012<\/p>\n<p><em>Tropem smoka<\/em>, przewodnik po magicznym Krakowie,\u00a0Wydawnictwo Alter 2012<\/p>\n<p><em>Tracing the Dragon, a fabulous guide to Cracow<\/em>,\u00a0Wydawnictwo Alter 2012<\/p>\n<p><em>Persiguiendo al Drag\u00f3n, gu\u00eda fant\u00e1stica de Cracovia<\/em>,\u00a0Wydawnictwo Alter 2012<\/p>\n<p><em>Krew Ink\u00f3w\u00a0<\/em>(drugie wydanie),\u00a0Wydawnictwo Alter, Krak\u00f3w 2012<\/p>\n<p><em>Krwawa jutrznia<\/em>,\u00a0Wydawnictwo Otwarte, Krak\u00f3w 2013<\/p>\n<p><em>Z Kacprem Ryksem po renesansowym Krakowie \u2013 przewodnik<\/em>, Wydawnictwo Alter, Krak\u00f3w 2014<\/p>\n<p><em>Krwawa Jutrznia. Strace\u0144cy<\/em>,\u00a0Wydawnictwo Otwarte, Krak\u00f3w 2014<\/p>\n<p><em>Oblicze Pana<\/em>, Wydanie drugie poprawione,\u00a0JaMa, Krak\u00f3w 2014<\/p>\n<p><em>Krwawa jutrznia<\/em>. M\u015bciciel,\u00a0JaMa, Krak\u00f3w 2014<\/p>\n<p><em>Kacper Ryx i Kr\u00f3l \u017bebrak\u00f3w<\/em>,\u00a0JaMa, Krak\u00f3w 2015<\/p>\n<p><em>Kacper Ryx i szatan w klasztorze<\/em>,\u00a0JaMa, Krak\u00f3w 2016<\/p>\n<p><em>Kacper Ryx. Tajemnica wzg\u00f3rza wawelskiego<\/em>,\u00a0JaMa, Krak\u00f3w 2016<\/p>\n<p><em>Kr\u00f3lob\u00f3jcy<\/em>,\u00a0JaMa, Krak\u00f3w 2016<\/p>\n<p><em>By\u0142 sobie kr\u00f3l\u2026 Poczet Piast\u00f3w<\/em>,\u00a0Mariusz Wollny, Zuza Wollny,\u00a0(wydanie III, uzupe\u0142nione i na nowo zilustrowane), JaMa, Krak\u00f3w 2016<\/p>\n<p><em>Zap\u0119tleni<\/em>, JaMa, Krak\u00f3w 2017<\/p>\n<p><em>Tropem smoka<\/em>, JaMa, Krak\u00f3w 2017, wydanie\u00a0IV<\/p>\n<p><em>By\u0142 sobie kr\u00f3l\u2026 Poczet Jagiellon\u00f3w<\/em>,\u00a0JaMa, Krak\u00f3w 2017<\/p>\n<p><em>By\u0142 sobie kr\u00f3l\u2026 Poczet kr\u00f3l\u00f3w wybieranych<\/em>, cz\u0119\u015b\u0107 1,\u00a0JaMa, Krak\u00f3w 2018<\/p>\n<p><em>By\u0142 sobie kr\u00f3l\u2026 Poczet kr\u00f3l\u00f3w wybieranych<\/em>, cz\u0119\u015b\u0107 2,\u00a0JaMa, Krak\u00f3w\u00a02019<\/p>\n<p><em>Kroniki dymitriad<\/em>, II wydanie,\u00a0JaMa, Krak\u00f3w\u00a02020<\/p>\n<p><em>Bia\u0142y towar<\/em>,\u00a0JaMa, Krak\u00f3w\u00a02020<\/p>\n<p><em>Fala<\/em>, JaMa, Krak\u00f3w 2021<\/p>\n<p><em>Z Kacprem Ryksem po renesansowym Krakowie \u2013 przewodnik<\/em>, Wydawnictwo JaMa, Krak\u00f3w 2021, wydanie II<\/p>\n<p><em>Niewidzialny wr\u00f3g<\/em>,\u00a0JaMa\u00a02023<\/p>\n<p><em>Trzy \u0142yki fantastyki, opowiadania niepowa\u017cne,\u00a0<\/em>JaMa 2024<\/p>\n<h2 class=\"western\">Ksi\u0105\u017cki niewydane<\/h2>\n<p>Bardzo bzdurne bajdurki czeka\u0142y na wydanie 25 lat, Krew Ink\u00f3w \u2013 15 lat. Wci\u0105\u017c nie doczeka\u0142y si\u0119 publikacji inne napisane ju\u017c dawno temu (niekt\u00f3re jeszcze na maszynie do pisania) ksi\u0105\u017cki, spoczywaj\u0105ce w szufladach, kt\u00f3re albo nigdy szuflad nie opu\u015bci\u0142y, albo nie zyska\u0142y niczyjego uznania. Oto one:<\/p>\n<p><em>W\u0142adys\u0142aw Warne\u0144czyk<\/em>, <em>ostatni b\u0142\u0119dny rycerz<\/em> -naukowa (z przypisami), acz przyst\u0119pnie napisana (pod kierunkiem prof. Krzysztofa Baczkowskiego) biografia pechowego kr\u00f3la, powsta\u0142a w 2000 r. jako praca na zaliczenie studi\u00f3w podyplomowych z zakresu historii.<\/p>\n<p><em>Wodzowie<\/em>\u00a0\u2013 wyraz dawnych fascynacji autora kultur\u0105 i histori\u0105 Indian, cztery biografie (z pogranicza naukowego i popularnego) wielkich przyw\u00f3dc\u00f3w india\u0144skich: Powhatana (ojca Pocahontas), Metacoma, Pontiaca i Tecumseha.<\/p>\n<p><em>Ostatni Inka<\/em> \u2013 druga cz\u0119\u015b\u0107 (chronologicznie jednak pierwsza, wi\u0119c jakby prequel) Krwi Ink\u00f3w, dziej\u0105ca si\u0119 w Peru podczas powstania Tupaca Amaru II, tytu\u0142owego ostatniego Inki; ko\u0144czy si\u0119 w momencie, gdy nieliczni, kt\u00f3rym uda\u0142o si\u0119 prze\u017cy\u0107 pogrom, wsiedli na okr\u0119t p\u0142yn\u0105cy do Europy (do Wenecji, a stamt\u0105d do Niedzicy nad Dunajcem). Ksi\u0105\u017cka napisana jeszcze na maszynie do pisania i tak s\u0142aba, \u017ce raczej nigdy nie opu\u015bci szuflady.<\/p>\n<p><em>Bia\u0142y Apacz<\/em> \u2013 powie\u015b\u0107 o bia\u0142ym, kt\u00f3ry zakocha\u0142 si\u0119 w Indiance, to za\u015b zmusi\u0142o go do \u017cycia w dw\u00f3ch \u015bwiatach, co okaza\u0142o si\u0119 nie\u0142atwe. Najlepsza ze wszystkich ksi\u0105\u017cka autora, poniewa\u017c nie zosta\u0142a jeszcze napisana i nigdy nie zostanie.[\/vc_column_text][\/vc_column][\/vc_row]\n","protected":false},"excerpt":{"rendered":"<p>[vc_row type=&#8221;full_width_content&#8221; full_screen_row_position=&#8221;middle&#8221; column_margin=&#8221;default&#8221; column_direction=&#8221;default&#8221; column_direction_tablet=&#8221;default&#8221; column_direction_phone=&#8221;default&#8221; scene_position=&#8221;center&#8221; text_color=&#8221;light&#8221; text_align=&#8221;left&#8221; row_border_radius=&#8221;none&#8221; row_border_radius_applies=&#8221;bg&#8221; overlay_strength=&#8221;0.8&#8243; gradient_direction=&#8221;left_to_right&#8221; shape_divider_position=&#8221;bottom&#8221; bg_image_animation=&#8221;none&#8221; shape_type=&#8221;&#8221;][vc_column column_padding=&#8221;no-extra-padding&#8221; column_padding_tablet=&#8221;inherit&#8221; column_padding_phone=&#8221;inherit&#8221; column_padding_position=&#8221;all&#8221; background_color_opacity=&#8221;1&#8243; background_hover_color_opacity=&#8221;1&#8243; column_shadow=&#8221;none&#8221; column_border_radius=&#8221;none&#8221; column_link_target=&#8221;_self&#8221; gradient_direction=&#8221;left_to_right&#8221; overlay_strength=&#8221;0.3&#8243; width=&#8221;1\/1&#8243; tablet_width_inherit=&#8221;default&#8221; tablet_text_alignment=&#8221;default&#8221; phone_text_alignment=&#8221;default&#8221; column_border_width=&#8221;none&#8221; column_border_style=&#8221;solid&#8221; bg_image_animation=&#8221;none&#8221;][image_with_animation image_url=&#8221;7523&#8243; animation=&#8221;Fade In&#8221; hover_animation=&#8221;none&#8221; alignment=&#8221;&#8221;&#8230;<\/p>\n","protected":false},"author":2,"featured_media":0,"parent":0,"menu_order":0,"comment_status":"closed","ping_status":"closed","template":"","meta":{"_monsterinsights_skip_tracking":false,"_monsterinsights_sitenote_active":false,"_monsterinsights_sitenote_note":"","_monsterinsights_sitenote_category":0,"footnotes":""},"_links":{"self":[{"href":"http:\/\/wydawnictwojama.pl\/index.php\/wp-json\/wp\/v2\/pages\/7522"}],"collection":[{"href":"http:\/\/wydawnictwojama.pl\/index.php\/wp-json\/wp\/v2\/pages"}],"about":[{"href":"http:\/\/wydawnictwojama.pl\/index.php\/wp-json\/wp\/v2\/types\/page"}],"author":[{"embeddable":true,"href":"http:\/\/wydawnictwojama.pl\/index.php\/wp-json\/wp\/v2\/users\/2"}],"replies":[{"embeddable":true,"href":"http:\/\/wydawnictwojama.pl\/index.php\/wp-json\/wp\/v2\/comments?post=7522"}],"version-history":[{"count":4,"href":"http:\/\/wydawnictwojama.pl\/index.php\/wp-json\/wp\/v2\/pages\/7522\/revisions"}],"predecessor-version":[{"id":7605,"href":"http:\/\/wydawnictwojama.pl\/index.php\/wp-json\/wp\/v2\/pages\/7522\/revisions\/7605"}],"wp:attachment":[{"href":"http:\/\/wydawnictwojama.pl\/index.php\/wp-json\/wp\/v2\/media?parent=7522"}],"curies":[{"name":"wp","href":"https:\/\/api.w.org\/{rel}","templated":true}]}}