{"id":7525,"date":"2024-10-14T15:19:46","date_gmt":"2024-10-14T13:19:46","guid":{"rendered":"https:\/\/wydawnictwojama.pl\/?page_id=7525"},"modified":"2026-02-08T12:58:54","modified_gmt":"2026-02-08T11:58:54","slug":"wycieczki-z-m-wollnym-po-krakowie","status":"publish","type":"page","link":"http:\/\/wydawnictwojama.pl\/index.php\/wycieczki-z-m-wollnym-po-krakowie\/","title":{"rendered":"Wycieczki z M. Wollnym po Krakowie"},"content":{"rendered":"[vc_row type=&#8221;full_width_content&#8221; full_screen_row_position=&#8221;middle&#8221; column_margin=&#8221;default&#8221; column_direction=&#8221;default&#8221; column_direction_tablet=&#8221;default&#8221; column_direction_phone=&#8221;default&#8221; scene_position=&#8221;center&#8221; text_color=&#8221;light&#8221; text_align=&#8221;left&#8221; row_border_radius=&#8221;none&#8221; row_border_radius_applies=&#8221;bg&#8221; overlay_strength=&#8221;0.8&#8243; gradient_direction=&#8221;left_to_right&#8221; shape_divider_position=&#8221;bottom&#8221; bg_image_animation=&#8221;none&#8221; shape_type=&#8221;&#8221;][vc_column column_padding=&#8221;no-extra-padding&#8221; column_padding_tablet=&#8221;inherit&#8221; column_padding_phone=&#8221;inherit&#8221; column_padding_position=&#8221;all&#8221; background_color_opacity=&#8221;1&#8243; background_hover_color_opacity=&#8221;1&#8243; column_shadow=&#8221;none&#8221; column_border_radius=&#8221;none&#8221; column_link_target=&#8221;_self&#8221; gradient_direction=&#8221;left_to_right&#8221; overlay_strength=&#8221;0.3&#8243; width=&#8221;1\/1&#8243; tablet_width_inherit=&#8221;default&#8221; tablet_text_alignment=&#8221;default&#8221; phone_text_alignment=&#8221;default&#8221; column_border_width=&#8221;none&#8221; column_border_style=&#8221;solid&#8221; bg_image_animation=&#8221;none&#8221;][image_with_animation image_url=&#8221;7526&#8243; animation=&#8221;Fade In&#8221; hover_animation=&#8221;none&#8221; alignment=&#8221;&#8221; border_radius=&#8221;none&#8221; box_shadow=&#8221;none&#8221; image_loading=&#8221;default&#8221; max_width=&#8221;100%&#8221; max_width_mobile=&#8221;default&#8221;][\/vc_column][\/vc_row][vc_row type=&#8221;full_width_background&#8221; full_screen_row_position=&#8221;middle&#8221; column_margin=&#8221;default&#8221; equal_height=&#8221;yes&#8221; content_placement=&#8221;middle&#8221; column_direction=&#8221;default&#8221; column_direction_tablet=&#8221;default&#8221; column_direction_phone=&#8221;default&#8221; scene_position=&#8221;center&#8221; top_padding=&#8221;10%&#8221; bottom_padding=&#8221;10%&#8221; left_padding_desktop=&#8221;25%&#8221; right_padding_desktop=&#8221;25%&#8221; text_color=&#8221;dark&#8221; text_align=&#8221;left&#8221; row_border_radius=&#8221;none&#8221; row_border_radius_applies=&#8221;bg&#8221; class=&#8221;vc_hidden-sm vc_hidden-xs&#8221; overlay_strength=&#8221;0.8&#8243; gradient_direction=&#8221;left_to_right&#8221; shape_divider_position=&#8221;bottom&#8221; bg_image_animation=&#8221;none&#8221; shape_type=&#8221;&#8221;][vc_column column_padding=&#8221;no-extra-padding&#8221; column_padding_tablet=&#8221;inherit&#8221; column_padding_phone=&#8221;inherit&#8221; column_padding_position=&#8221;all&#8221; background_color_opacity=&#8221;1&#8243; background_hover_color_opacity=&#8221;1&#8243; column_shadow=&#8221;none&#8221; column_border_radius=&#8221;none&#8221; column_link_target=&#8221;_self&#8221; gradient_direction=&#8221;left_to_right&#8221; overlay_strength=&#8221;0.3&#8243; width=&#8221;1\/1&#8243; tablet_width_inherit=&#8221;default&#8221; tablet_text_alignment=&#8221;default&#8221; phone_text_alignment=&#8221;default&#8221; column_border_width=&#8221;none&#8221; column_border_style=&#8221;solid&#8221; bg_image_animation=&#8221;none&#8221;][vc_column_text]\n<h1 class=\"western\">Wycieczki historyczno-literackie po Krakowie z M. Wollnym<\/h1>\n<p>TEMATYKA I TRASY SPACEROWE ZOSTA\u0141Y OPARTE NA KSI\u0104\u017bKACH I PRZEWODNIKACH MARIUSZA WOLLNEGO:<\/p>\n<p><em>Tropem smoka, <\/em>\u00a0<em>By\u0142 sobie kr\u00f3l&#8230;<\/em> , <em>Kacper Ryx i Sprawy komisarza Mohra<\/em><\/p>\n<p>KONTAKT DLA ZAINTERESOWANYCH (grupy szkolne, imprezy firmowe, grupy prywatne)<\/p>\n<p>Tel.: 502 708 135<\/p>\n<p>Mail: mariusz.wollny@gmail.com<\/p>\n<p>CO WARTO WIEDZIE\u0106 PRZED ZAM\u00d3WIENIEM<\/p>\n<p>SPACERU Z MARIUSZEM WOLLNYM:<\/p>\n<p>Mariusz Wollny nie jest zawodowym przewodnikiem, a jedynie pisarzem (acz maj\u0105cym w dorobku dwa specyficzne przewodniki po Krakowie). Warto o tym pami\u0119ta\u0107 zamawiaj\u0105c spacer, kt\u00f3ry do tanich nie nale\u017cy, poniewa\u017c\u00a0de facto\u00a0jest plenerowym spotkaniem z autorem Waszych, drodzy Czytelnicy, ulubionych ksi\u0105\u017cek. A jako taki powinien siedzie\u0107 w domu przed komputerem i jak najszybciej pisa\u0107 kolejn\u0105 powie\u015b\u0107, nie za\u015b biega\u0107 po mie\u015bcie, zw\u0142aszcza \u017ce prawe kolano (zerwane w m\u0142odo\u015bci wi\u0119zad\u0142a boczne) coraz cz\u0119\u015bciej odmawia mu pos\u0142usze\u0144stwa. Czego si\u0119 jednak nie robi dla fan\u00f3w, bo to g\u0142\u00f3wnie z my\u015bl\u0105 o nich zosta\u0142y wymy\u015blone nast\u0119puj\u0105ce spacery, ograniczone do tematyki, na kt\u00f3rej Mariusz Wollny zna si\u0119 najlepiej:<\/p>\n<p>1. ZBRODNIA I KARA W XVI-WIECZNYM MIE\u015aCIE,<\/p>\n<p>CZYLI \u015aLADAMI KACPRA RYKSA PO \u0141OTRZYKOWSKIM KRAKOWIE.<\/p>\n<p>2. KRAKOWSKIM SZLAKIEM NAUK TAJEMNYCH,<\/p>\n<p>ALCHEMIK\u00d3W I CZARNOKSI\u0118\u017bNIK\u00d3W.<\/p>\n<p>3. TROPEM SMOK\u00d3W I INNYCH OSOBLIWO\u015aCI<\/p>\n<p>(KRAKOWSKIE LEGENDY I CIEKAWOSTKI HISTORYCZNE).<\/p>\n<p>4. \u015aLADAMI KOMISARZA MOHRA I JEGO PRZYJACI\u00d3\u0141, CZYLI KRAK\u00d3W PRZE\u0141OMU XIX I XX w.<\/p>\n<p>Dwa pierwsze spacery s\u0105 wskazane raczej dla doros\u0142ych, natomiast trzeci g\u0142\u00f3wnie dla rodzin z dzie\u0107mi, nauczycieli z uczniami oraz ka\u017cdego, kto lubi niesamowite historie.<\/p>\n<p>W razie potrzeby mo\u017cliwe jest miksowanie tematyki w my\u015bl zasady: dla ka\u017cdego co\u015b mi\u0142ego.<\/p>\n<p>Wskazana liczba uczestnik\u00f3w spaceru: od 1 do 15 os\u00f3b.<\/p>\n<p>Ka\u017cdy spacer zaczyna si\u0119 pod Barbakanem z dw\u00f3ch powod\u00f3w. Po pierwsze dlatego, \u017ce mniej wi\u0119cej tutaj bierze pocz\u0105tek najpopularniejsza trasa turystyczna \u2013 Droga Kr\u00f3lewska. A po drugie, poniewa\u017c wiosn\u0105 2014 r. Mariusz Wollny zosta\u0142 zaszczycony (i znalaz\u0142 si\u0119 obok takich literackich s\u0142aw jak Miko\u0142aj Rej i Jan Kochanowski czy Czes\u0142aw Mi\u0142osz i Wis\u0142awa Szymborska) \u201e\u0142aweczk\u0105 literack\u0105\u201d na krakowskich Plantach i odk\u0105d ow\u0105 \u0142aweczk\u0119 dosta\u0142 (tu\u017c obok Bramy Floria\u0144skiej), nigdy nie zawaha\u0142 si\u0119 jej u\u017cy\u0107 (np. do zrobienia sobie na niej zdj\u0119cia z fanami).<\/p>\n<p>Zasadniczo wszystkie cztery spacery odbywaj\u0105 si\u0119 w przestrzeni publicznej, bez zwiedzania wn\u0119trz, ale mo\u017cliwe s\u0105 (a nawet wskazane) odwiedziny w muzeach (r\u00f3wnie\u017c w miejscach, kt\u00f3rych zazwyczaj zwiedza\u0107 nie mo\u017cna), lecz w\u00f3wczas nale\u017cy si\u0119 liczy\u0107 z dodatkowym kosztem \u2013 kilkana\u015bcie z\u0142otych od osoby.<\/p>\n<p>Wszystkie spacery s\u0105 dost\u0119pne w nast\u0119puj\u0105cych wariantach:<\/p>\n<p>1. Wersja podstawowa: Barbakan \u2013 Rynek G\u0142\u00f3wny (z przyleg\u0142o\u015bciami)<\/p>\n<p>Czas: 1,5 \u2013 2 godz.<\/p>\n<p>2. Wersja rozszerzona: Barbakan \u2013 Rynek G\u0142\u00f3wny \u2013 Wawel<\/p>\n<p>Czas: 2,5 \u2013 3 godz.<\/p>\n<p>3. Wersja super rozszerzona: Barbakan \u2013 Rynek G\u0142\u00f3wny \u2013 Wawel \u2013 Kazimierz<\/p>\n<p>Czas: 4 \u2013 4,5 godz.<\/p>\n<p>4. Wersja mega rozszerzona: Barbakan \u2013 Rynek G\u0142\u00f3wny \u2013 Wawel \u2013 Kazimierz \u2013 Podg\u00f3rze<\/p>\n<p>Czas: 5,5 \u2013 6 godz.<\/p>\n<p>Ceny i terminy wycieczek do uzgodnienia telefonicznie, b\u0105d\u017a w korespondencji mailowej.[\/vc_column_text][\/vc_column][\/vc_row][vc_row type=&#8221;full_width_background&#8221; full_screen_row_position=&#8221;middle&#8221; column_margin=&#8221;default&#8221; equal_height=&#8221;yes&#8221; content_placement=&#8221;middle&#8221; column_direction=&#8221;default&#8221; column_direction_tablet=&#8221;default&#8221; column_direction_phone=&#8221;default&#8221; scene_position=&#8221;center&#8221; top_padding=&#8221;10%&#8221; bottom_padding=&#8221;10%&#8221; left_padding_desktop=&#8221;10%&#8221; right_padding_desktop=&#8221;10%&#8221; text_color=&#8221;dark&#8221; text_align=&#8221;left&#8221; row_border_radius=&#8221;none&#8221; row_border_radius_applies=&#8221;bg&#8221; class=&#8221;vc_hidden-lg vc_hidden-md&#8221; overlay_strength=&#8221;0.8&#8243; gradient_direction=&#8221;left_to_right&#8221; shape_divider_position=&#8221;bottom&#8221; bg_image_animation=&#8221;none&#8221; shape_type=&#8221;&#8221;][vc_column column_padding=&#8221;no-extra-padding&#8221; column_padding_tablet=&#8221;inherit&#8221; column_padding_phone=&#8221;inherit&#8221; column_padding_position=&#8221;all&#8221; background_color_opacity=&#8221;1&#8243; background_hover_color_opacity=&#8221;1&#8243; column_shadow=&#8221;none&#8221; column_border_radius=&#8221;none&#8221; column_link_target=&#8221;_self&#8221; gradient_direction=&#8221;left_to_right&#8221; overlay_strength=&#8221;0.3&#8243; width=&#8221;1\/1&#8243; tablet_width_inherit=&#8221;default&#8221; tablet_text_alignment=&#8221;default&#8221; phone_text_alignment=&#8221;default&#8221; column_border_width=&#8221;none&#8221; column_border_style=&#8221;solid&#8221; bg_image_animation=&#8221;none&#8221;][vc_column_text]\n<h1 class=\"western\">Wycieczki historyczno-literackie po Krakowie z M. Wollnym<\/h1>\n<p>TEMATYKA I TRASY SPACEROWE ZOSTA\u0141Y OPARTE NA KSI\u0104\u017bKACH I PRZEWODNIKACH MARIUSZA WOLLNEGO:<\/p>\n<p><em>Tropem smoka, <\/em>\u00a0<em>By\u0142 sobie kr\u00f3l&#8230;<\/em> , <em>Kacper Ryx i Sprawy komisarza Mohra<\/em><\/p>\n<p>KONTAKT DLA ZAINTERESOWANYCH (grupy szkolne, imprezy firmowe, grupy prywatne)<\/p>\n<p>Tel.: 502 708 135<\/p>\n<p>Mail: mariusz.wollny@gmail.com<\/p>\n<p>CO WARTO WIEDZIE\u0106 PRZED ZAM\u00d3WIENIEM<\/p>\n<p>SPACERU Z MARIUSZEM WOLLNYM:<\/p>\n<p>Mariusz Wollny nie jest zawodowym przewodnikiem, a jedynie pisarzem (acz maj\u0105cym w dorobku dwa specyficzne przewodniki po Krakowie). Warto o tym pami\u0119ta\u0107 zamawiaj\u0105c spacer, kt\u00f3ry do tanich nie nale\u017cy, poniewa\u017c\u00a0de facto\u00a0jest plenerowym spotkaniem z autorem Waszych, drodzy Czytelnicy, ulubionych ksi\u0105\u017cek. A jako taki powinien siedzie\u0107 w domu przed komputerem i jak najszybciej pisa\u0107 kolejn\u0105 powie\u015b\u0107, nie za\u015b biega\u0107 po mie\u015bcie, zw\u0142aszcza \u017ce prawe kolano (zerwane w m\u0142odo\u015bci wi\u0119zad\u0142a boczne) coraz cz\u0119\u015bciej odmawia mu pos\u0142usze\u0144stwa. Czego si\u0119 jednak nie robi dla fan\u00f3w, bo to g\u0142\u00f3wnie z my\u015bl\u0105 o nich zosta\u0142y wymy\u015blone nast\u0119puj\u0105ce spacery, ograniczone do tematyki, na kt\u00f3rej Mariusz Wollny zna si\u0119 najlepiej:<\/p>\n<p>1. ZBRODNIA I KARA W XVI-WIECZNYM MIE\u015aCIE,<\/p>\n<p>CZYLI \u015aLADAMI KACPRA RYKSA PO \u0141OTRZYKOWSKIM KRAKOWIE.<\/p>\n<p>2. KRAKOWSKIM SZLAKIEM NAUK TAJEMNYCH,<\/p>\n<p>ALCHEMIK\u00d3W I CZARNOKSI\u0118\u017bNIK\u00d3W.<\/p>\n<p>3. TROPEM SMOK\u00d3W I INNYCH OSOBLIWO\u015aCI<\/p>\n<p>(KRAKOWSKIE LEGENDY I CIEKAWOSTKI HISTORYCZNE).<\/p>\n<p>4. \u015aLADAMI KOMISARZA MOHRA I JEGO PRZYJACI\u00d3\u0141, CZYLI KRAK\u00d3W PRZE\u0141OMU XIX I XX w.<\/p>\n<p>Dwa pierwsze spacery s\u0105 wskazane raczej dla doros\u0142ych, natomiast trzeci g\u0142\u00f3wnie dla rodzin z dzie\u0107mi, nauczycieli z uczniami oraz ka\u017cdego, kto lubi niesamowite historie.<\/p>\n<p>W razie potrzeby mo\u017cliwe jest miksowanie tematyki w my\u015bl zasady: dla ka\u017cdego co\u015b mi\u0142ego.<\/p>\n<p>Wskazana liczba uczestnik\u00f3w spaceru: od 1 do 15 os\u00f3b.<\/p>\n<p>Ka\u017cdy spacer zaczyna si\u0119 pod Barbakanem z dw\u00f3ch powod\u00f3w. Po pierwsze dlatego, \u017ce mniej wi\u0119cej tutaj bierze pocz\u0105tek najpopularniejsza trasa turystyczna \u2013 Droga Kr\u00f3lewska. A po drugie, poniewa\u017c wiosn\u0105 2014 r. Mariusz Wollny zosta\u0142 zaszczycony (i znalaz\u0142 si\u0119 obok takich literackich s\u0142aw jak Miko\u0142aj Rej i Jan Kochanowski czy Czes\u0142aw Mi\u0142osz i Wis\u0142awa Szymborska) \u201e\u0142aweczk\u0105 literack\u0105\u201d na krakowskich Plantach i odk\u0105d ow\u0105 \u0142aweczk\u0119 dosta\u0142 (tu\u017c obok Bramy Floria\u0144skiej), nigdy nie zawaha\u0142 si\u0119 jej u\u017cy\u0107 (np. do zrobienia sobie na niej zdj\u0119cia z fanami).<\/p>\n<p>Zasadniczo wszystkie cztery spacery odbywaj\u0105 si\u0119 w przestrzeni publicznej, bez zwiedzania wn\u0119trz, ale mo\u017cliwe s\u0105 (a nawet wskazane) odwiedziny w muzeach (r\u00f3wnie\u017c w miejscach, kt\u00f3rych zazwyczaj zwiedza\u0107 nie mo\u017cna), lecz w\u00f3wczas nale\u017cy si\u0119 liczy\u0107 z dodatkowym kosztem \u2013 kilkana\u015bcie z\u0142otych od osoby.<\/p>\n<p>Wszystkie spacery s\u0105 dost\u0119pne w nast\u0119puj\u0105cych wariantach:<\/p>\n<p>1. Wersja podstawowa: Barbakan \u2013 Rynek G\u0142\u00f3wny (z przyleg\u0142o\u015bciami)<\/p>\n<p>Czas: 1,5 \u2013 2 godz.<\/p>\n<p>2. Wersja rozszerzona: Barbakan \u2013 Rynek G\u0142\u00f3wny \u2013 Wawel<\/p>\n<p>Czas: 2,5 \u2013 3 godz.<\/p>\n<p>3. Wersja super rozszerzona: Barbakan \u2013 Rynek G\u0142\u00f3wny \u2013 Wawel \u2013 Kazimierz<\/p>\n<p>Czas: 4 \u2013 4,5 godz.<\/p>\n<p>4. Wersja mega rozszerzona: Barbakan \u2013 Rynek G\u0142\u00f3wny \u2013 Wawel \u2013 Kazimierz \u2013 Podg\u00f3rze<\/p>\n<p>Czas: 5,5 \u2013 6 godz.<\/p>\n<p>Ceny i terminy wycieczek do uzgodnienia telefonicznie, b\u0105d\u017a w korespondencji mailowej.[\/vc_column_text][\/vc_column][\/vc_row]\n","protected":false},"excerpt":{"rendered":"<p>[vc_row type=&#8221;full_width_content&#8221; full_screen_row_position=&#8221;middle&#8221; column_margin=&#8221;default&#8221; column_direction=&#8221;default&#8221; column_direction_tablet=&#8221;default&#8221; column_direction_phone=&#8221;default&#8221; scene_position=&#8221;center&#8221; text_color=&#8221;light&#8221; text_align=&#8221;left&#8221; row_border_radius=&#8221;none&#8221; row_border_radius_applies=&#8221;bg&#8221; overlay_strength=&#8221;0.8&#8243; gradient_direction=&#8221;left_to_right&#8221; shape_divider_position=&#8221;bottom&#8221; bg_image_animation=&#8221;none&#8221; shape_type=&#8221;&#8221;][vc_column column_padding=&#8221;no-extra-padding&#8221; column_padding_tablet=&#8221;inherit&#8221; column_padding_phone=&#8221;inherit&#8221; column_padding_position=&#8221;all&#8221; background_color_opacity=&#8221;1&#8243; background_hover_color_opacity=&#8221;1&#8243; column_shadow=&#8221;none&#8221; column_border_radius=&#8221;none&#8221; column_link_target=&#8221;_self&#8221; gradient_direction=&#8221;left_to_right&#8221; overlay_strength=&#8221;0.3&#8243; width=&#8221;1\/1&#8243; tablet_width_inherit=&#8221;default&#8221; tablet_text_alignment=&#8221;default&#8221; phone_text_alignment=&#8221;default&#8221; column_border_width=&#8221;none&#8221; column_border_style=&#8221;solid&#8221; bg_image_animation=&#8221;none&#8221;][image_with_animation image_url=&#8221;7526&#8243; animation=&#8221;Fade In&#8221; hover_animation=&#8221;none&#8221; alignment=&#8221;&#8221;&#8230;<\/p>\n","protected":false},"author":2,"featured_media":0,"parent":0,"menu_order":0,"comment_status":"closed","ping_status":"closed","template":"","meta":{"_monsterinsights_skip_tracking":false,"_monsterinsights_sitenote_active":false,"_monsterinsights_sitenote_note":"","_monsterinsights_sitenote_category":0,"footnotes":""},"_links":{"self":[{"href":"http:\/\/wydawnictwojama.pl\/index.php\/wp-json\/wp\/v2\/pages\/7525"}],"collection":[{"href":"http:\/\/wydawnictwojama.pl\/index.php\/wp-json\/wp\/v2\/pages"}],"about":[{"href":"http:\/\/wydawnictwojama.pl\/index.php\/wp-json\/wp\/v2\/types\/page"}],"author":[{"embeddable":true,"href":"http:\/\/wydawnictwojama.pl\/index.php\/wp-json\/wp\/v2\/users\/2"}],"replies":[{"embeddable":true,"href":"http:\/\/wydawnictwojama.pl\/index.php\/wp-json\/wp\/v2\/comments?post=7525"}],"version-history":[{"count":2,"href":"http:\/\/wydawnictwojama.pl\/index.php\/wp-json\/wp\/v2\/pages\/7525\/revisions"}],"predecessor-version":[{"id":7607,"href":"http:\/\/wydawnictwojama.pl\/index.php\/wp-json\/wp\/v2\/pages\/7525\/revisions\/7607"}],"wp:attachment":[{"href":"http:\/\/wydawnictwojama.pl\/index.php\/wp-json\/wp\/v2\/media?parent=7525"}],"curies":[{"name":"wp","href":"https:\/\/api.w.org\/{rel}","templated":true}]}}